{"id":106,"date":"2023-12-13T14:58:36","date_gmt":"2023-12-13T13:58:36","guid":{"rendered":"https:\/\/www.filtranova.sk\/?page_id=106"},"modified":"2024-02-17T13:40:34","modified_gmt":"2024-02-17T12:40:34","slug":"uprava-vody-zo-studne","status":"publish","type":"page","link":"https:\/\/www.filtranova.sk\/hu\/uprava-vody-zo-studne\/","title":{"rendered":"K\u00fatv\u00edz kezel\u00e9s"},"content":{"rendered":"","protected":false},"excerpt":{"rendered":"","protected":false},"author":1,"featured_media":0,"parent":0,"menu_order":0,"comment_status":"closed","ping_status":"closed","template":"","meta":{"footnotes":""},"class_list":["post-106","page","type-page","status-publish","hentry"],"yoast_head":"<!-- This site is optimized with the Yoast SEO plugin v27.5 - https:\/\/yoast.com\/product\/yoast-seo-wordpress\/ -->\n<title>\u00daprava vody zo studne - FILTRANOVA - Komplexn\u00e1 filtr\u00e1cia a \u00faprava vody<\/title>\n<meta name=\"description\" content=\"\u00daprava vody zo studne je potrebn\u00e9 v pr\u00edpade, ak chcete vodu pou\u017e\u00edva\u0165 nielen na z\u00e1hradn\u00e9 zavla\u017eovanie, ale aj v dom\u00e1cnosti.\" \/>\n<meta name=\"robots\" content=\"index, follow, max-snippet:-1, max-image-preview:large, max-video-preview:-1\" \/>\n<link rel=\"canonical\" href=\"https:\/\/www.filtranova.sk\/hu\/uprava-vody-zo-studne\/\" \/>\n<meta property=\"og:locale\" content=\"hu_HU\" \/>\n<meta property=\"og:type\" content=\"article\" \/>\n<meta property=\"og:title\" content=\"\u00daprava vody zo studne - FILTRANOVA - Komplexn\u00e1 filtr\u00e1cia a \u00faprava vody\" \/>\n<meta property=\"og:description\" content=\"\u00daprava vody zo studne je potrebn\u00e9 v pr\u00edpade, ak chcete vodu pou\u017e\u00edva\u0165 nielen na z\u00e1hradn\u00e9 zavla\u017eovanie, ale aj v dom\u00e1cnosti.\" \/>\n<meta property=\"og:url\" content=\"https:\/\/www.filtranova.sk\/hu\/uprava-vody-zo-studne\/\" \/>\n<meta property=\"og:site_name\" content=\"FILTRANOVA - Komplexn\u00e1 filtr\u00e1cia a \u00faprava vody\" \/>\n<meta property=\"article:publisher\" content=\"https:\/\/www.facebook.com\/filtranova\" \/>\n<meta property=\"article:modified_time\" content=\"2024-02-17T12:40:34+00:00\" \/>\n<meta property=\"og:image\" content=\"https:\/\/www.filtranova.sk\/wp-content\/uploads\/2024\/02\/Filtranova-web.jpg\" \/>\n\t<meta property=\"og:image:width\" content=\"1200\" \/>\n\t<meta property=\"og:image:height\" content=\"675\" \/>\n\t<meta property=\"og:image:type\" content=\"image\/jpeg\" \/>\n<meta name=\"twitter:card\" content=\"summary_large_image\" \/>\n<meta name=\"twitter:label1\" content=\"Becs\u00fclt olvas\u00e1si id\u0151\" \/>\n\t<meta name=\"twitter:data1\" content=\"9 perc\" \/>\n<script type=\"application\/ld+json\" class=\"yoast-schema-graph\">{\"@context\":\"https:\\\/\\\/schema.org\",\"@graph\":[{\"@type\":\"WebPage\",\"@id\":\"https:\\\/\\\/www.filtranova.sk\\\/uprava-vody-zo-studne\\\/\",\"url\":\"https:\\\/\\\/www.filtranova.sk\\\/uprava-vody-zo-studne\\\/\",\"name\":\"\u00daprava vody zo studne - FILTRANOVA - Komplexn\u00e1 filtr\u00e1cia a \u00faprava vody\",\"isPartOf\":{\"@id\":\"https:\\\/\\\/www.filtranova.sk\\\/#website\"},\"datePublished\":\"2023-12-13T13:58:36+00:00\",\"dateModified\":\"2024-02-17T12:40:34+00:00\",\"description\":\"\u00daprava vody zo studne je potrebn\u00e9 v pr\u00edpade, ak chcete vodu pou\u017e\u00edva\u0165 nielen na z\u00e1hradn\u00e9 zavla\u017eovanie, ale aj v dom\u00e1cnosti.\",\"breadcrumb\":{\"@id\":\"https:\\\/\\\/www.filtranova.sk\\\/uprava-vody-zo-studne\\\/#breadcrumb\"},\"inLanguage\":\"hu\",\"potentialAction\":[{\"@type\":\"ReadAction\",\"target\":[\"https:\\\/\\\/www.filtranova.sk\\\/uprava-vody-zo-studne\\\/\"]}]},{\"@type\":\"BreadcrumbList\",\"@id\":\"https:\\\/\\\/www.filtranova.sk\\\/uprava-vody-zo-studne\\\/#breadcrumb\",\"itemListElement\":[{\"@type\":\"ListItem\",\"position\":1,\"name\":\"Home\",\"item\":\"https:\\\/\\\/www.filtranova.sk\\\/\"},{\"@type\":\"ListItem\",\"position\":2,\"name\":\"\u00daprava vody zo studne\"}]},{\"@type\":\"WebSite\",\"@id\":\"https:\\\/\\\/www.filtranova.sk\\\/#website\",\"url\":\"https:\\\/\\\/www.filtranova.sk\\\/\",\"name\":\"FILTRANOVA - Komplexn\u00e1 filtr\u00e1cia a \u00faprava vody\",\"description\":\"Komplexn\u00e1 filtr\u00e1cia a \u00faprava vody na mieru, od rozboru vody a\u017e po realiz\u00e1ciu.\",\"publisher\":{\"@id\":\"https:\\\/\\\/www.filtranova.sk\\\/#organization\"},\"alternateName\":\"FILTRANOVA - Rozbor a \u00faprava vody\",\"potentialAction\":[{\"@type\":\"SearchAction\",\"target\":{\"@type\":\"EntryPoint\",\"urlTemplate\":\"https:\\\/\\\/www.filtranova.sk\\\/?s={search_term_string}\"},\"query-input\":{\"@type\":\"PropertyValueSpecification\",\"valueRequired\":true,\"valueName\":\"search_term_string\"}}],\"inLanguage\":\"hu\"},{\"@type\":\"Organization\",\"@id\":\"https:\\\/\\\/www.filtranova.sk\\\/#organization\",\"name\":\"FILTRANOVA s.r.o.\",\"url\":\"https:\\\/\\\/www.filtranova.sk\\\/\",\"logo\":{\"@type\":\"ImageObject\",\"inLanguage\":\"hu\",\"@id\":\"https:\\\/\\\/www.filtranova.sk\\\/#\\\/schema\\\/logo\\\/image\\\/\",\"url\":\"https:\\\/\\\/www.filtranova.sk\\\/wp-content\\\/uploads\\\/2024\\\/02\\\/Filtranova-Logo-favicon.png\",\"contentUrl\":\"https:\\\/\\\/www.filtranova.sk\\\/wp-content\\\/uploads\\\/2024\\\/02\\\/Filtranova-Logo-favicon.png\",\"width\":512,\"height\":512,\"caption\":\"FILTRANOVA s.r.o.\"},\"image\":{\"@id\":\"https:\\\/\\\/www.filtranova.sk\\\/#\\\/schema\\\/logo\\\/image\\\/\"},\"sameAs\":[\"https:\\\/\\\/www.facebook.com\\\/filtranova\",\"https:\\\/\\\/www.instagram.com\\\/filtranova\\\/\"]}]}<\/script>\n<!-- \/ Yoast SEO plugin. -->","yoast_head_json":{"title":"\u00daprava vody zo studne - FILTRANOVA - Komplexn\u00e1 filtr\u00e1cia a \u00faprava vody","description":"\u00daprava vody zo studne je potrebn\u00e9 v pr\u00edpade, ak chcete vodu pou\u017e\u00edva\u0165 nielen na z\u00e1hradn\u00e9 zavla\u017eovanie, ale aj v dom\u00e1cnosti.","robots":{"index":"index","follow":"follow","max-snippet":"max-snippet:-1","max-image-preview":"max-image-preview:large","max-video-preview":"max-video-preview:-1"},"canonical":"https:\/\/www.filtranova.sk\/hu\/uprava-vody-zo-studne\/","og_locale":"hu_HU","og_type":"article","og_title":"\u00daprava vody zo studne - FILTRANOVA - Komplexn\u00e1 filtr\u00e1cia a \u00faprava vody","og_description":"\u00daprava vody zo studne je potrebn\u00e9 v pr\u00edpade, ak chcete vodu pou\u017e\u00edva\u0165 nielen na z\u00e1hradn\u00e9 zavla\u017eovanie, ale aj v dom\u00e1cnosti.","og_url":"https:\/\/www.filtranova.sk\/hu\/uprava-vody-zo-studne\/","og_site_name":"FILTRANOVA - Komplexn\u00e1 filtr\u00e1cia a \u00faprava vody","article_publisher":"https:\/\/www.facebook.com\/filtranova","article_modified_time":"2024-02-17T12:40:34+00:00","og_image":[{"width":1200,"height":675,"url":"https:\/\/www.filtranova.sk\/wp-content\/uploads\/2024\/02\/Filtranova-web.jpg","type":"image\/jpeg"}],"twitter_card":"summary_large_image","twitter_misc":{"Becs\u00fclt olvas\u00e1si id\u0151":"9 perc"},"schema":{"@context":"https:\/\/schema.org","@graph":[{"@type":"WebPage","@id":"https:\/\/www.filtranova.sk\/uprava-vody-zo-studne\/","url":"https:\/\/www.filtranova.sk\/uprava-vody-zo-studne\/","name":"\u00daprava vody zo studne - FILTRANOVA - Komplexn\u00e1 filtr\u00e1cia a \u00faprava vody","isPartOf":{"@id":"https:\/\/www.filtranova.sk\/#website"},"datePublished":"2023-12-13T13:58:36+00:00","dateModified":"2024-02-17T12:40:34+00:00","description":"\u00daprava vody zo studne je potrebn\u00e9 v pr\u00edpade, ak chcete vodu pou\u017e\u00edva\u0165 nielen na z\u00e1hradn\u00e9 zavla\u017eovanie, ale aj v dom\u00e1cnosti.","breadcrumb":{"@id":"https:\/\/www.filtranova.sk\/uprava-vody-zo-studne\/#breadcrumb"},"inLanguage":"hu","potentialAction":[{"@type":"ReadAction","target":["https:\/\/www.filtranova.sk\/uprava-vody-zo-studne\/"]}]},{"@type":"BreadcrumbList","@id":"https:\/\/www.filtranova.sk\/uprava-vody-zo-studne\/#breadcrumb","itemListElement":[{"@type":"ListItem","position":1,"name":"Home","item":"https:\/\/www.filtranova.sk\/"},{"@type":"ListItem","position":2,"name":"\u00daprava vody zo studne"}]},{"@type":"WebSite","@id":"https:\/\/www.filtranova.sk\/#website","url":"https:\/\/www.filtranova.sk\/","name":"FILTRANOVA - Komplexn\u00e1 filtr\u00e1cia a \u00faprava vody","description":"Komplexn\u00e1 filtr\u00e1cia a \u00faprava vody na mieru, od rozboru vody a\u017e po realiz\u00e1ciu.","publisher":{"@id":"https:\/\/www.filtranova.sk\/#organization"},"alternateName":"FILTRANOVA - Rozbor a \u00faprava vody","potentialAction":[{"@type":"SearchAction","target":{"@type":"EntryPoint","urlTemplate":"https:\/\/www.filtranova.sk\/?s={search_term_string}"},"query-input":{"@type":"PropertyValueSpecification","valueRequired":true,"valueName":"search_term_string"}}],"inLanguage":"hu"},{"@type":"Organization","@id":"https:\/\/www.filtranova.sk\/#organization","name":"FILTRANOVA s.r.o.","url":"https:\/\/www.filtranova.sk\/","logo":{"@type":"ImageObject","inLanguage":"hu","@id":"https:\/\/www.filtranova.sk\/#\/schema\/logo\/image\/","url":"https:\/\/www.filtranova.sk\/wp-content\/uploads\/2024\/02\/Filtranova-Logo-favicon.png","contentUrl":"https:\/\/www.filtranova.sk\/wp-content\/uploads\/2024\/02\/Filtranova-Logo-favicon.png","width":512,"height":512,"caption":"FILTRANOVA s.r.o."},"image":{"@id":"https:\/\/www.filtranova.sk\/#\/schema\/logo\/image\/"},"sameAs":["https:\/\/www.facebook.com\/filtranova","https:\/\/www.instagram.com\/filtranova\/"]}]}},"_links":{"self":[{"href":"https:\/\/www.filtranova.sk\/hu\/wp-json\/wp\/v2\/pages\/106","targetHints":{"allow":["GET"]}}],"collection":[{"href":"https:\/\/www.filtranova.sk\/hu\/wp-json\/wp\/v2\/pages"}],"about":[{"href":"https:\/\/www.filtranova.sk\/hu\/wp-json\/wp\/v2\/types\/page"}],"author":[{"embeddable":true,"href":"https:\/\/www.filtranova.sk\/hu\/wp-json\/wp\/v2\/users\/1"}],"replies":[{"embeddable":true,"href":"https:\/\/www.filtranova.sk\/hu\/wp-json\/wp\/v2\/comments?post=106"}],"version-history":[{"count":1,"href":"https:\/\/www.filtranova.sk\/hu\/wp-json\/wp\/v2\/pages\/106\/revisions"}],"predecessor-version":[{"id":107,"href":"https:\/\/www.filtranova.sk\/hu\/wp-json\/wp\/v2\/pages\/106\/revisions\/107"}],"wp:attachment":[{"href":"https:\/\/www.filtranova.sk\/hu\/wp-json\/wp\/v2\/media?parent=106"}],"curies":[{"name":"wp","href":"https:\/\/api.w.org\/{rel}","templated":true}]}}